{"id":2,"date":"2020-10-15T21:34:21","date_gmt":"2020-10-15T21:34:21","guid":{"rendered":"http:\/\/www.zopak-brzozow.pl\/ZOPAK-WP\/?page_id=2"},"modified":"2023-09-14T18:28:07","modified_gmt":"2023-09-14T18:28:07","slug":"sample-page","status":"publish","type":"page","link":"http:\/\/www.zopak-brzozow.pl\/ZOPAK-WP\/","title":{"rendered":""},"content":{"rendered":"\n<!-- <A HREF=\"javascript:history.go(0)\">RELOAD<\/A> -->\n<script>import java.util.Calendar;<\/script> \n<script>\n      function fun_aktual(tytul,rok,rwd,ln_fot,co_1,ln_1,cm_1,co_2,ln_2,cm_2)\n      {\n      if(ln_fot.substring(0, 4) == \"http\") {lk_fot=ln_fot;} else {var lk_fot=\"..\/ZOPAK\/AKTUAL\/\" + ln_fot;}\n      if(ln_1.substring(0,4) == \"http\") {var lk_1 = ln_1;} else {lk_1 = \"..\/ZOPAK\/AKTUAL\/\" + ln_1;}\n      if(ln_2.substring(0,4) == \"http\") {var lk_2 = ln_2;} else {lk_2 = \"..\/ZOPAK\/AKTUAL\/\" + ln_2;}\n      if(tytul.length > 3){document.write('<div style=\"center\"><b>',tytul,'<br><\/b>');} else {document.write('&nbsp;');}\n      if(rok > 1000) {\n                     var rca=new Date().date('Y')-parseInt(rok);\n                     document.write(rca,rwd);\n                     }\n                     else {document.write(rwd);}\n if(ln_fot.length > 3){document.write('<br><figure class=\"wp-block-image size-full is-resized\"><img class=\"wp-image-749\" style=\"width: 80%;\" src=\"',lk_fot,'\" alt=\"\"><\/figure>');}                      \n                        else {document.write('&nbsp;'); } \n      if(co_1.length > 3){document.write(co_1,'<br>');}\n      if(ln_1.length > 3){document.write('<a href=\"',lk_1,'\" target=\"_blank\">',cm_1,'<\/a>');}\n      if(co_2.length > 3){document.write('<br>',co_2);}\n      if(ln_2.length > 3){document.write('<br><a href=\"',lk_2,'\" target=\"_blank\">',cm_2,'<\/a>');}\n      }\n<\/script>\n<script>\n      function fun_kron(tytul,rok,rwd,ln_fot,co_1,ln_1,cm_1,co_2,ln_2,cm_2)\n      {\n      if(ln_fot.substring(0, 4) == \"http\") {lk_fot=ln_fot;} else {var lk_fot=\"..\/ZOPAK\/KRON_GL\/\" + ln_fot;}\n      if(ln_1.substring(0,4) == \"http\") {var lk_1 = ln_1;} else {lk_1 = \"..\/ZOPAK\/KRON_GL\/\" + ln_1;}\n      if(ln_2.substring(0,4) == \"http\") {var lk_2 = ln_2;} else {lk_2 = \"..\/ZOPAK\/KRON_GL\/\" + ln_2;}\n      if(tytul.length > 3){document.write('<div style=\"center\"><b>',tytul,'<br><\/b>');} else {document.write('&nbsp;');}\n      if(rok > 1000) {\n                     var rca=new Date().date('Y')-parseInt(rok);\n                     document.write(rca,rwd);\n                     }\n                     else {document.write(rwd);}\n if(ln_fot.length > 3){document.write('<br><figure class=\"wp-block-image size-full is-resized\"><img class=\"wp-image-749\" style=\"width: 80%;\" src=\"',lk_fot,'\" alt=\"\"><\/figure>');}                      \n                        else {document.write('&nbsp;'); } \n      if(co_1.length > 3){document.write(co_1,'<br>');}\n      if(ln_1.length > 3){document.write('<a href=\"',lk_1,'\" target=\"_blank\">',cm_1,'<\/a>');}\n      if(co_2.length > 3){document.write('<br>',co_2);}\n      if(ln_2.length > 3){document.write('<br><a href=\"',lk_2,'\" target=\"_blank\">',cm_2,'<\/a>');}\n      }\n<\/script>\n<script>\n      function fun_kal(kod,dzien,tytul,rok,rwd,ln_fot,co_1,ln_1,cm_1,co_2,ln_2,cm_2)\n      {\n      document.write('<div style=\"border: 1px dotted black;\" ><p id=\"',kod,'\" align=\"left\"><b>&nbsp;',dzien,'<\/b><\/p><center>');\n      if(ln_fot.substring(0, 4) == \"http\") {lk_fot=ln_fot;} else {var lk_fot=\"..\/ZOPAK\/KAL-HIST\/\" + ln_fot;}\n      if(ln_1.substring(0,4) == \"http\") {var lk_1 = ln_1;} else {lk_1 = \"..\/ZOPAK\/KAL-HIST\/\" + ln_1;}\n      if(ln_2.substring(0,4) == \"http\") {var lk_2 = ln_2;} else {lk_2 = \"..\/ZOPAK\/KAL-HIST\/\" + ln_2;}\nif(tytul.length > 3){document.write(tytul,'<br>');}\n      if(rok > 1000) {\n                     var rca=new Date().date('Y')-parseInt(rok);\n                     document.write(rca,rwd);\n                     }\n                     else {document.write(rwd);}\n if(ln_fot.length > 3){document.write('<br><figure class=\"wp-block-image size-full is-resized\"><img class=\"wp-image-749\" style=\"width: 50%;\" src=\"',lk_fot,'\" alt=\"\"><\/figure>');}                      \n                        else {document.write('&nbsp;'); } \n      if(co_1.length > 3){document.write(co_1,'<br>');} else {document.write('&nbsp;'); } \n      if(ln_1.length > 3){document.write('<a href=\"',lk_1,'\" target=\"_blank\">',cm_1,'<\/a>');} else {document.write('<br>'); } \n      if(co_2.length > 3){document.write('<br>',co_2);} else {document.write('<br>'); } \n      if(ln_2.length > 3){document.write('<br><a href=\"',lk_2,'\" target=\"_blank\">',cm_2,'<\/a><\/div>');} else {document.write('<br><\/div>'); } \n      }\n<\/script>\n<p id=\"top;\" style=\"text-align: center;\"><\/p>\n<figure class=\"wp-block-table is-style-regular\">\n<table class=\"has-background has-fixed-layout\" style=\"background-color: #f3f4f5;\">\n<thead>\n<tr>\n<th class=\"has-text-align-center\" data-align=\"center\">\n<a href=\"\\ZOPAK-WP\/index.php\/KRONIKA\/\" data-type=\"URL\" data-id=\"\\ZOPAK-WP\/index.php\/KRONIKA\/\" target=\"_blank\" rel=\"noreferrer noopener\">\n<div style=\"border: 3px dotted black;\">KRONIKA<\/div>\n<\/a><\/a><\/th>\n<th class=\"has-text-align-center\" data-align=\"center\">\n<div style=\"border: 3px dotted black;\">AKTUALNO\u015aCI<\/div><\/th>\n<th class=\"has-text-align-center\" data-align=\"center\">\n<div style=\"border: 3px dotted black;\">KALENDARIUM HISTORYCZNE (w tworzeniu)<\/div><\/th>\n<\/tr>\n<\/thead>\n<tbody>\n<tr vertical-align=\"top\">\n<td class=\"has-text-align-center\" data-align=\"center\" vertical-align=\"top\">\n<div style=\"height: 480px; overflow-y: auto;\">&nbsp;\n<script> \ndocument.write('<script src=\"..\/ZOPAK\/KRON_GL\/007_KRON-GL.js?t=',Date.now(),'\">'); \n<\/script> <\/script>\n<\/td>\n<td class=\"has-text-align-center\" data-align=\"center\" vertical-align=\"top\">\n<div style=\"height: 480px;  overflow-y: auto;\">&nbsp;\n<script> \ndocument.write('<script src=\"..\/ZOPAK\/AKTUAL\/007_AKTUAL-GL.js?t=',Date.now(),'\">'); \n<\/script> <\/script>\n<\/b><\/a><\/td>\n<td class=\"has-text-align-center\" data-align=\"center\" vertical-align=\"top\">\n<div style=\"height: 480px; overflow-y: auto;\">&nbsp;\n<script> \ndocument.write('<script src=\"..\/ZOPAK\/KAL-HIST\/007_KAL-PPP.js?t=',Date.now(),'\">'); \n<\/script> <\/script>\n<\/div>\n<\/td>\n<\/tr>\n<\/tbody>\n<tfoot><tr><td class=\"has-text-align-center\" data-align=\"center\"><a href=\"http:\/\/www.zopak-brzozow.pl\/ZOPAK-WP\/index.php\/KRONIKA\/\" data-type=\"URL\" data-id=\"http:\/\/www.zopak-brzozow.pl\/ZOPAK-WP\/index.php\/KRONIKA\/\" target=\"_blank\" rel=\"noreferrer noopener\"><div style=\"border: 2px dotted black;\"><b>PRZEGL\u0104DAJ KRONIK\u0118<\/b><\/div><\/a>\n<\/td><td class=\"has-text-align-center\" data-align=\"center\"><a href=\"javascript:scroll(0,0);\"><div style=\"border: 2px dotted black;\">do g\u00f3ry strony<\/div><\/a>\n<\/td><td class=\"has-text-align-center\" data-align=\"center\"><script> document.write('<p vertical-align:top><div style=\"border: 2px dotted black;\">Dzi\u015b jest ',(new Date().date('l, j E Y')).toLocaleLowerCase(), \" r.<\/div><\/p>\"); <\/script>\n<\/td><\/tr><\/tfoot>\n<script> \n  window.location.hash = \"#01-01\";\nsig = new Date().date('#d-m');\nwindow.location.hash = sig;\nwindow.location.hash = scroll(0,0);\n<\/script>\n<\/table>\n<a href=\"javascript:scroll(0,0)\" onclick=\"TRUE\" id=\"xx\"><\/a>\n<script>document.getElementById('xx').click();<\/script>\n<\/figure>\n","protected":false},"excerpt":{"rendered":"<p>KRONIKA AKTUALNO\u015aCI KALENDARIUM HISTORYCZNE (w tworzeniu) &nbsp; &nbsp; &nbsp; PRZEGL\u0104DAJ KRONIK\u0118 do g\u00f3ry strony<\/p>\n","protected":false},"author":1,"featured_media":0,"parent":0,"menu_order":0,"comment_status":"closed","ping_status":"open","template":"","meta":[],"_links":{"self":[{"href":"http:\/\/www.zopak-brzozow.pl\/ZOPAK-WP\/index.php\/wp-json\/wp\/v2\/pages\/2"}],"collection":[{"href":"http:\/\/www.zopak-brzozow.pl\/ZOPAK-WP\/index.php\/wp-json\/wp\/v2\/pages"}],"about":[{"href":"http:\/\/www.zopak-brzozow.pl\/ZOPAK-WP\/index.php\/wp-json\/wp\/v2\/types\/page"}],"author":[{"embeddable":true,"href":"http:\/\/www.zopak-brzozow.pl\/ZOPAK-WP\/index.php\/wp-json\/wp\/v2\/users\/1"}],"replies":[{"embeddable":true,"href":"http:\/\/www.zopak-brzozow.pl\/ZOPAK-WP\/index.php\/wp-json\/wp\/v2\/comments?post=2"}],"version-history":[{"count":89,"href":"http:\/\/www.zopak-brzozow.pl\/ZOPAK-WP\/index.php\/wp-json\/wp\/v2\/pages\/2\/revisions"}],"predecessor-version":[{"id":1140,"href":"http:\/\/www.zopak-brzozow.pl\/ZOPAK-WP\/index.php\/wp-json\/wp\/v2\/pages\/2\/revisions\/1140"}],"wp:attachment":[{"href":"http:\/\/www.zopak-brzozow.pl\/ZOPAK-WP\/index.php\/wp-json\/wp\/v2\/media?parent=2"}],"curies":[{"name":"wp","href":"https:\/\/api.w.org\/{rel}","templated":true}]}}