{"id":1153,"date":"2024-07-31T12:56:37","date_gmt":"2024-07-31T12:56:37","guid":{"rendered":"http:\/\/www.zopak-brzozow.pl\/ZOPAK-WP\/?page_id=1153"},"modified":"2024-07-31T21:17:56","modified_gmt":"2024-07-31T21:17:56","slug":"video_ak","status":"publish","type":"page","link":"http:\/\/www.zopak-brzozow.pl\/ZOPAK-WP\/index.php\/baza-wiedzy-o-i-rejonie-marianowo-brzozow-vii-obwodu-obroza-ak\/video_ak\/","title":{"rendered":"Wideo-prelekcje o Armii Krajowej w I Rejonie &#8222;Marianowo-Brzoz\u00f3w&#8221;"},"content":{"rendered":"\n<ul><li> 1. dr Adam Kaczy\u0144ski opowiada o Powstaniu w Legionowie <a rel=\"noreferrer noopener\" href=\"https:\/\/www.youtube.com\/watch?v=Ow7b_KAKC1k\" data-type=\"URL\" data-id=\"\/video_AK-1\" target=\"_blank\">[<em> ZOBACZ FILM <\/em> ]<\/a><\/li>\n<br><li> 2. dr Adam Kaczy\u0144ski opowiada o zrzutowisku broni &#8222;Koc&#8221; w Izabelinie <a rel=\"noreferrer noopener\" href=\"https:\/\/www.youtube.com\/watch?v=Pi6bMpFASck\" data-type=\"URL\" data-id=\"\/video_AK-2\" target=\"_blank\">[<em> ZOBACZ FILM <\/em> ]<\/a><\/li>\n<br><li> 3. dr Adam Kaczy\u0144ski opowiada o ostatnim boju podchor\u0105\u017cych &#8222;Alfy&#8221; i &#8222;Skiby&#8221; <a rel=\"noreferrer noopener\" href=\"https:\/\/www.youtube.com\/watch?v=PEUIkvVkiw0\" data-type=\"URL\" data-id=\"\/video_AK-3\" target=\"_blank\">[<em> ZOBACZ FILM <\/em> ]<\/a><\/li>\n<br><li> 4. dr Adam Kaczy\u0144ski opowiada o mogi\u0142ach w lesie na Bukowcu <a rel=\"noreferrer noopener\" href=\"https:\/\/www.youtube.com\/watch?v=czmZPdrA5DI\" data-type=\"URL\" data-id=\"\/video_AK-4\" target=\"_blank\">[<em> ZOBACZ FILM <\/em> ]<\/a><\/li>\n<br><li> 5. dr Adam Kaczy\u0144ski opowiada o tzw. &#8222;granicy \u015bmierci&#8221; &#8211; czyli o granicy Generalnego Gubernatorstwa w lesie Chotomowskim <a rel=\"noreferrer noopener\" href=\"https:\/\/www.youtube.com\/watch?v=iD6vI1YSqb0\" data-type=\"URL\" data-id=\"\/video_AK-5\" target=\"_blank\">[<em> ZOBACZ FILM <\/em> ]<\/a><\/li>\n<br><li> 6. dr Adam Kaczy\u0144ski opowiada o \u017bo\u0142nierzach AK z Legionowa &#8211; ofiarach NKWD <a rel=\"noreferrer noopener\" href=\"https:\/\/www.youtube.com\/watch?v=4XggSu0DLXc\\u0026t=74s\" data-type=\"URL\" data-id=\"\/video_AK-6\" target=\"_blank\">[<em> ZOBACZ FILM <\/em> ]<\/a><\/li>\n<br><li> 7. dr Adam Kaczy\u0144ski opowiada w 80. rocznic\u0119 o powstaniu Armii Krajowej <a rel=\"noreferrer noopener\" href=\"https:\/\/www.youtube.com\/watch?v=GMdk044Uo1o\" data-type=\"URL\" data-id=\"\/video_AK-7\" target=\"_blank\">[<em> ZOBACZ FILM <\/em> ]<\/a><\/li>\n<\/ul>\n","protected":false},"excerpt":{"rendered":"<p>1. dr Adam Kaczy\u0144ski opowiada o Powstaniu w Legionowie [ ZOBACZ FILM ] 2. dr Adam Kaczy\u0144ski opowiada o zrzutowisku<\/p>\n","protected":false},"author":1,"featured_media":0,"parent":359,"menu_order":0,"comment_status":"closed","ping_status":"closed","template":"","meta":[],"_links":{"self":[{"href":"http:\/\/www.zopak-brzozow.pl\/ZOPAK-WP\/index.php\/wp-json\/wp\/v2\/pages\/1153"}],"collection":[{"href":"http:\/\/www.zopak-brzozow.pl\/ZOPAK-WP\/index.php\/wp-json\/wp\/v2\/pages"}],"about":[{"href":"http:\/\/www.zopak-brzozow.pl\/ZOPAK-WP\/index.php\/wp-json\/wp\/v2\/types\/page"}],"author":[{"embeddable":true,"href":"http:\/\/www.zopak-brzozow.pl\/ZOPAK-WP\/index.php\/wp-json\/wp\/v2\/users\/1"}],"replies":[{"embeddable":true,"href":"http:\/\/www.zopak-brzozow.pl\/ZOPAK-WP\/index.php\/wp-json\/wp\/v2\/comments?post=1153"}],"version-history":[{"count":15,"href":"http:\/\/www.zopak-brzozow.pl\/ZOPAK-WP\/index.php\/wp-json\/wp\/v2\/pages\/1153\/revisions"}],"predecessor-version":[{"id":1196,"href":"http:\/\/www.zopak-brzozow.pl\/ZOPAK-WP\/index.php\/wp-json\/wp\/v2\/pages\/1153\/revisions\/1196"}],"up":[{"embeddable":true,"href":"http:\/\/www.zopak-brzozow.pl\/ZOPAK-WP\/index.php\/wp-json\/wp\/v2\/pages\/359"}],"wp:attachment":[{"href":"http:\/\/www.zopak-brzozow.pl\/ZOPAK-WP\/index.php\/wp-json\/wp\/v2\/media?parent=1153"}],"curies":[{"name":"wp","href":"https:\/\/api.w.org\/{rel}","templated":true}]}}